{"id":10,"date":"2026-02-27T09:50:19","date_gmt":"2026-02-27T12:50:19","guid":{"rendered":"https:\/\/www.cerennaoficial.com.br\/?page_id=10"},"modified":"2026-03-06T11:56:06","modified_gmt":"2026-03-06T14:56:06","slug":"cart-2","status":"publish","type":"page","link":"https:\/\/www.cerennaoficial.com.br\/?page_id=10","title":{"rendered":"Carrinho"},"content":{"rendered":"\n<div data-block-name=\"woocommerce\/cart\" class=\"wp-block-woocommerce-cart alignwide is-loading\">\n<div data-block-name=\"woocommerce\/filled-cart-block\" class=\"wp-block-woocommerce-filled-cart-block\">\n<div data-block-name=\"woocommerce\/cart-items-block\" class=\"wp-block-woocommerce-cart-items-block\">\n<div data-block-name=\"woocommerce\/cart-line-items-block\" class=\"wp-block-woocommerce-cart-line-items-block\"><\/div>\n\n\n<\/div>\n\n\n\n\n<div data-block-name=\"woocommerce\/cart-totals-block\" class=\"wp-block-woocommerce-cart-totals-block\">\n<div data-block-name=\"woocommerce\/cart-order-summary-block\" class=\"wp-block-woocommerce-cart-order-summary-block\">\n<div data-block-name=\"woocommerce\/cart-order-summary-heading-block\" class=\"wp-block-woocommerce-cart-order-summary-heading-block\"><\/div><div data-block-name=\"woocommerce\/cart-order-summary-coupon-form-block\" class=\"wp-block-woocommerce-cart-order-summary-coupon-form-block\"><\/div><div data-block-name=\"woocommerce\/cart-order-summary-totals-block\" class=\"wp-block-woocommerce-cart-order-summary-totals-block\">\n<div data-block-name=\"woocommerce\/cart-order-summary-subtotal-block\" class=\"wp-block-woocommerce-cart-order-summary-subtotal-block\"><\/div>\n<div data-block-name=\"woocommerce\/cart-order-summary-discount-block\" class=\"wp-block-woocommerce-cart-order-summary-discount-block\"><\/div>\n<div data-block-name=\"woocommerce\/cart-order-summary-fee-block\" class=\"wp-block-woocommerce-cart-order-summary-fee-block\"><\/div>\n<div data-block-name=\"woocommerce\/cart-order-summary-shipping-block\" class=\"wp-block-woocommerce-cart-order-summary-shipping-block\"><\/div>\n<div data-block-name=\"woocommerce\/cart-order-summary-taxes-block\" class=\"wp-block-woocommerce-cart-order-summary-taxes-block\"><\/div><\/div>\n<\/div>\n\n\n\n<div data-block-name=\"woocommerce\/cart-express-payment-block\" class=\"wp-block-woocommerce-cart-express-payment-block\"><\/div>\n\n\n\n<div data-block-name=\"woocommerce\/proceed-to-checkout-block\" class=\"wp-block-woocommerce-proceed-to-checkout-block\"><\/div>\n\n\n\n<div data-block-name=\"woocommerce\/cart-accepted-payment-methods-block\" class=\"wp-block-woocommerce-cart-accepted-payment-methods-block\"><\/div>\n<\/div>\n<\/div>\n\n\n\n<div data-block-name=\"woocommerce\/empty-cart-block\" class=\"wp-block-woocommerce-empty-cart-block\">\n<h2 class=\"wp-block-heading has-text-align-center with-empty-cart-icon wc-block-cart__empty-cart__title\">Seu carrinho est? vazio!<\/h2>\n\n\n\n<hr class=\"wp-block-separator has-alpha-channel-opacity is-style-dots\"\/>\n\n\n\n<h2 class=\"wp-block-heading has-text-align-center\">Novidades na loja<\/h2>\n\n\n<div data-block-name=\"woocommerce\/product-new\" data-columns=\"4\" data-rows=\"1\" class=\"wc-block-grid wp-block-product-new wp-block-woocommerce-product-new wc-block-product-new has-4-columns\"><ul class=\"wc-block-grid__products\"><li class=\"wc-block-grid__product\">\n\t\t\t\t<a href=\"https:\/\/www.cerennaoficial.com.br\/?product=blusa-elegance-copia\" class=\"wc-block-grid__product-link\">\n\t\t\t\t\t\n\t\t\t\t\t<div class=\"wc-block-grid__product-image\"><img loading=\"lazy\" decoding=\"async\" width=\"600\" height=\"800\" src=\"https:\/\/www.cerennaoficial.com.br\/wp-content\/uploads\/2026\/03\/produto-3.jpg\" class=\"attachment-woocommerce_thumbnail size-woocommerce_thumbnail\" alt=\"Blusa Elegance\" srcset=\"https:\/\/www.cerennaoficial.com.br\/wp-content\/uploads\/2026\/03\/produto-3.jpg 600w, https:\/\/www.cerennaoficial.com.br\/wp-content\/uploads\/2026\/03\/produto-3-225x300.jpg 225w, https:\/\/www.cerennaoficial.com.br\/wp-content\/uploads\/2026\/03\/produto-3-300x400.jpg 300w\" sizes=\"auto, (max-width: 600px) 100vw, 600px\" \/><\/div>\n\t\t\t\t\t<div class=\"wc-block-grid__product-title\">Blusa Elegance<\/div>\n\t\t\t\t<\/a>\n\t\t\t\t<div class=\"wc-block-grid__product-price price\"><span class=\"woocommerce-Price-amount amount\"><span class=\"woocommerce-Price-currencySymbol\">&#082;&#036;<\/span>&nbsp;119,90<\/span><\/div>\n\t\t\t\t\n\t\t\t\t<div class=\"wp-block-button wc-block-grid__product-add-to-cart\"><a href=\"https:\/\/www.cerennaoficial.com.br\/?product=blusa-elegance-copia\" aria-label=\"Selecione as op\u00e7\u00f5es para &ldquo;Blusa Elegance&rdquo;\" data-quantity=\"1\" data-product_id=\"158\" data-product_sku=\"BLU010\" data-price=\"119.9\" rel=\"nofollow\" class=\"wp-block-button__link  add_to_cart_button\">Ver Op\u00e7\u00f5es<\/a><\/div>\n\t\t\t<\/li><li class=\"wc-block-grid__product\">\n\t\t\t\t<a href=\"https:\/\/www.cerennaoficial.com.br\/?product=vestido-longo-com-fenda-rosa\" class=\"wc-block-grid__product-link\">\n\t\t\t\t\t\n\t\t\t\t\t<div class=\"wc-block-grid__product-image\"><img loading=\"lazy\" decoding=\"async\" width=\"600\" height=\"800\" src=\"https:\/\/www.cerennaoficial.com.br\/wp-content\/uploads\/2026\/03\/e1242393-db7b-45bb-b41c-6941a154fa09-scaled-600x800.jpg\" class=\"attachment-woocommerce_thumbnail size-woocommerce_thumbnail\" alt=\"Vestido Longo com Fenda Rosa\" srcset=\"https:\/\/www.cerennaoficial.com.br\/wp-content\/uploads\/2026\/03\/e1242393-db7b-45bb-b41c-6941a154fa09-600x800.jpg 600w, https:\/\/www.cerennaoficial.com.br\/wp-content\/uploads\/2026\/03\/e1242393-db7b-45bb-b41c-6941a154fa09-scaled-900x1200.jpg 900w, https:\/\/www.cerennaoficial.com.br\/wp-content\/uploads\/2026\/03\/e1242393-db7b-45bb-b41c-6941a154fa09-225x300.jpg 225w, https:\/\/www.cerennaoficial.com.br\/wp-content\/uploads\/2026\/03\/e1242393-db7b-45bb-b41c-6941a154fa09-768x1024.jpg 768w, https:\/\/www.cerennaoficial.com.br\/wp-content\/uploads\/2026\/03\/e1242393-db7b-45bb-b41c-6941a154fa09-1152x1536.jpg 1152w, https:\/\/www.cerennaoficial.com.br\/wp-content\/uploads\/2026\/03\/e1242393-db7b-45bb-b41c-6941a154fa09-1536x2048.jpg 1536w, https:\/\/www.cerennaoficial.com.br\/wp-content\/uploads\/2026\/03\/e1242393-db7b-45bb-b41c-6941a154fa09-300x400.jpg 300w, https:\/\/www.cerennaoficial.com.br\/wp-content\/uploads\/2026\/03\/e1242393-db7b-45bb-b41c-6941a154fa09-1320x1760.jpg 1320w, https:\/\/www.cerennaoficial.com.br\/wp-content\/uploads\/2026\/03\/e1242393-db7b-45bb-b41c-6941a154fa09-scaled.jpg 1920w\" sizes=\"auto, (max-width: 600px) 100vw, 600px\" \/><\/div>\n\t\t\t\t\t<div class=\"wc-block-grid__product-title\">Vestido Longo com Fenda Rosa<\/div>\n\t\t\t\t<\/a>\n\t\t\t\t<div class=\"wc-block-grid__product-price price\"><span class=\"woocommerce-Price-amount amount\"><span class=\"woocommerce-Price-currencySymbol\">&#082;&#036;<\/span>&nbsp;219,90<\/span><\/div>\n\t\t\t\t\n\t\t\t\t<div class=\"wp-block-button wc-block-grid__product-add-to-cart\"><a href=\"https:\/\/www.cerennaoficial.com.br\/?product=vestido-longo-com-fenda-rosa\" aria-label=\"Selecione as op\u00e7\u00f5es para &ldquo;Vestido Longo com Fenda Rosa&rdquo;\" data-quantity=\"1\" data-product_id=\"47\" data-product_sku=\"VST005\" data-price=\"219.9\" rel=\"nofollow\" class=\"wp-block-button__link  add_to_cart_button\">Ver Op\u00e7\u00f5es<\/a><\/div>\n\t\t\t<\/li><li class=\"wc-block-grid__product\">\n\t\t\t\t<a href=\"https:\/\/www.cerennaoficial.com.br\/?product=bermuda-de-alfaiataria-alongada\" class=\"wc-block-grid__product-link\">\n\t\t\t\t\t\n\t\t\t\t\t<div class=\"wc-block-grid__product-image\"><img loading=\"lazy\" decoding=\"async\" width=\"600\" height=\"800\" src=\"https:\/\/www.cerennaoficial.com.br\/wp-content\/uploads\/2026\/03\/7186fda6-0f80-408d-890b-c1e7ecdeb6a3-scaled-600x800.jpg\" class=\"attachment-woocommerce_thumbnail size-woocommerce_thumbnail\" alt=\"Bermuda de Alfaiataria Alongada\" srcset=\"https:\/\/www.cerennaoficial.com.br\/wp-content\/uploads\/2026\/03\/7186fda6-0f80-408d-890b-c1e7ecdeb6a3-600x800.jpg 600w, https:\/\/www.cerennaoficial.com.br\/wp-content\/uploads\/2026\/03\/7186fda6-0f80-408d-890b-c1e7ecdeb6a3-scaled-900x1200.jpg 900w, https:\/\/www.cerennaoficial.com.br\/wp-content\/uploads\/2026\/03\/7186fda6-0f80-408d-890b-c1e7ecdeb6a3-225x300.jpg 225w, https:\/\/www.cerennaoficial.com.br\/wp-content\/uploads\/2026\/03\/7186fda6-0f80-408d-890b-c1e7ecdeb6a3-768x1024.jpg 768w, https:\/\/www.cerennaoficial.com.br\/wp-content\/uploads\/2026\/03\/7186fda6-0f80-408d-890b-c1e7ecdeb6a3-1152x1536.jpg 1152w, https:\/\/www.cerennaoficial.com.br\/wp-content\/uploads\/2026\/03\/7186fda6-0f80-408d-890b-c1e7ecdeb6a3-1536x2048.jpg 1536w, https:\/\/www.cerennaoficial.com.br\/wp-content\/uploads\/2026\/03\/7186fda6-0f80-408d-890b-c1e7ecdeb6a3-300x400.jpg 300w, https:\/\/www.cerennaoficial.com.br\/wp-content\/uploads\/2026\/03\/7186fda6-0f80-408d-890b-c1e7ecdeb6a3-1320x1760.jpg 1320w, https:\/\/www.cerennaoficial.com.br\/wp-content\/uploads\/2026\/03\/7186fda6-0f80-408d-890b-c1e7ecdeb6a3-scaled.jpg 1920w\" sizes=\"auto, (max-width: 600px) 100vw, 600px\" \/><\/div>\n\t\t\t\t\t<div class=\"wc-block-grid__product-title\">Bermuda de Alfaiataria Alongada<\/div>\n\t\t\t\t<\/a>\n\t\t\t\t<div class=\"wc-block-grid__product-price price\"><span class=\"woocommerce-Price-amount amount\"><span class=\"woocommerce-Price-currencySymbol\">&#082;&#036;<\/span>&nbsp;189,90<\/span><\/div>\n\t\t\t\t\n\t\t\t\t<div class=\"wp-block-button wc-block-grid__product-add-to-cart\"><a href=\"https:\/\/www.cerennaoficial.com.br\/?product=bermuda-de-alfaiataria-alongada\" aria-label=\"Selecione as op\u00e7\u00f5es para &ldquo;Bermuda de Alfaiataria Alongada&rdquo;\" data-quantity=\"1\" data-product_id=\"46\" data-product_sku=\"SHT009\" data-price=\"189.9\" rel=\"nofollow\" class=\"wp-block-button__link  add_to_cart_button\">Ver Op\u00e7\u00f5es<\/a><\/div>\n\t\t\t<\/li><li class=\"wc-block-grid__product\">\n\t\t\t\t<a href=\"https:\/\/www.cerennaoficial.com.br\/?product=saia-mid-reta-basica\" class=\"wc-block-grid__product-link\">\n\t\t\t\t\t\n\t\t\t\t\t<div class=\"wc-block-grid__product-image\"><img loading=\"lazy\" decoding=\"async\" width=\"600\" height=\"800\" src=\"https:\/\/www.cerennaoficial.com.br\/wp-content\/uploads\/2026\/03\/5548baf5-6c49-403d-94d2-6ade16c82c12-600x800.jpg\" class=\"attachment-woocommerce_thumbnail size-woocommerce_thumbnail\" alt=\"Saia Mid Reta B\u00e1sica\" srcset=\"https:\/\/www.cerennaoficial.com.br\/wp-content\/uploads\/2026\/03\/5548baf5-6c49-403d-94d2-6ade16c82c12-600x800.jpg 600w, https:\/\/www.cerennaoficial.com.br\/wp-content\/uploads\/2026\/03\/5548baf5-6c49-403d-94d2-6ade16c82c12-900x1200.jpg 900w, https:\/\/www.cerennaoficial.com.br\/wp-content\/uploads\/2026\/03\/5548baf5-6c49-403d-94d2-6ade16c82c12-225x300.jpg 225w, https:\/\/www.cerennaoficial.com.br\/wp-content\/uploads\/2026\/03\/5548baf5-6c49-403d-94d2-6ade16c82c12-768x1024.jpg 768w, https:\/\/www.cerennaoficial.com.br\/wp-content\/uploads\/2026\/03\/5548baf5-6c49-403d-94d2-6ade16c82c12-1152x1536.jpg 1152w, https:\/\/www.cerennaoficial.com.br\/wp-content\/uploads\/2026\/03\/5548baf5-6c49-403d-94d2-6ade16c82c12-300x400.jpg 300w, https:\/\/www.cerennaoficial.com.br\/wp-content\/uploads\/2026\/03\/5548baf5-6c49-403d-94d2-6ade16c82c12.jpg 1200w\" sizes=\"auto, (max-width: 600px) 100vw, 600px\" \/><\/div>\n\t\t\t\t\t<div class=\"wc-block-grid__product-title\">Saia Mid Reta B\u00e1sica<\/div>\n\t\t\t\t<\/a>\n\t\t\t\t<div class=\"wc-block-grid__product-price price\"><span class=\"woocommerce-Price-amount amount\"><span class=\"woocommerce-Price-currencySymbol\">&#082;&#036;<\/span>&nbsp;129,90<\/span><\/div>\n\t\t\t\t\n\t\t\t\t<div class=\"wp-block-button wc-block-grid__product-add-to-cart\"><a href=\"https:\/\/www.cerennaoficial.com.br\/?product=saia-mid-reta-basica\" aria-label=\"Selecione as op\u00e7\u00f5es para &ldquo;Saia Mid Reta B\u00e1sica&rdquo;\" data-quantity=\"1\" data-product_id=\"42\" data-product_sku=\"SAI001\" data-price=\"129.9\" rel=\"nofollow\" class=\"wp-block-button__link  add_to_cart_button\">Ver Op\u00e7\u00f5es<\/a><\/div>\n\t\t\t<\/li><\/ul><\/div><\/div>\n<\/div>\n","protected":false},"excerpt":{"rendered":"","protected":false},"author":1,"featured_media":0,"parent":0,"menu_order":0,"comment_status":"closed","ping_status":"closed","template":"","meta":{"footnotes":""},"class_list":["post-10","page","type-page","status-publish","hentry"],"_links":{"self":[{"href":"https:\/\/www.cerennaoficial.com.br\/index.php?rest_route=\/wp\/v2\/pages\/10","targetHints":{"allow":["GET"]}}],"collection":[{"href":"https:\/\/www.cerennaoficial.com.br\/index.php?rest_route=\/wp\/v2\/pages"}],"about":[{"href":"https:\/\/www.cerennaoficial.com.br\/index.php?rest_route=\/wp\/v2\/types\/page"}],"author":[{"embeddable":true,"href":"https:\/\/www.cerennaoficial.com.br\/index.php?rest_route=\/wp\/v2\/users\/1"}],"replies":[{"embeddable":true,"href":"https:\/\/www.cerennaoficial.com.br\/index.php?rest_route=%2Fwp%2Fv2%2Fcomments&post=10"}],"version-history":[{"count":1,"href":"https:\/\/www.cerennaoficial.com.br\/index.php?rest_route=\/wp\/v2\/pages\/10\/revisions"}],"predecessor-version":[{"id":38,"href":"https:\/\/www.cerennaoficial.com.br\/index.php?rest_route=\/wp\/v2\/pages\/10\/revisions\/38"}],"wp:attachment":[{"href":"https:\/\/www.cerennaoficial.com.br\/index.php?rest_route=%2Fwp%2Fv2%2Fmedia&parent=10"}],"curies":[{"name":"wp","href":"https:\/\/api.w.org\/{rel}","templated":true}]}}