{"id":20,"date":"2026-03-01T23:41:24","date_gmt":"2026-03-02T02:41:24","guid":{"rendered":"https:\/\/www.cerennaoficial.com.br\/?page_id=20"},"modified":"2026-03-01T23:41:24","modified_gmt":"2026-03-02T02:41:24","slug":"politica-de-privacidade-2","status":"publish","type":"page","link":"https:\/\/www.cerennaoficial.com.br\/?page_id=20","title":{"rendered":"Pol\u00edtica de Privacidade"},"content":{"rendered":"\n<h1 class=\"wp-block-heading\">Pol\u00edtica de Privacidade<\/h1>\n\n\n\n<p>O site da Cerenna pertence \u00e0 Padoka Confec\u00e7\u00f5es, que \u00e9 a controladora dos seus dados pessoais.<\/p>\n\n\n\n<p>Adotamos esta Pol\u00edtica de Privacidade, que define como processamos as informa\u00e7\u00f5es coletadas pela Cerenna e explica os motivos pelos quais precisamos coletar determinados dados pessoais seus. Portanto, voc\u00ea deve ler esta Pol\u00edtica de Privacidade antes de usar o site da Cerenna.<\/p>\n\n\n\n<p>Cuidamos dos seus dados pessoais e nos comprometemos a garantir sua confidencialidade e seguran\u00e7a.<\/p>\n\n\n\n<h2 class=\"wp-block-heading\">Informa\u00e7\u00f5es pessoais que coletamos<\/h2>\n\n\n\n<p>Ao visitar o site da Cerenna, coletamos automaticamente certas informa\u00e7\u00f5es sobre o seu dispositivo, incluindo informa\u00e7\u00f5es sobre o seu navegador, endere\u00e7o IP, fuso hor\u00e1rio e alguns dos cookies instalados no seu dispositivo. Al\u00e9m disso, enquanto voc\u00ea navega no site, coletamos informa\u00e7\u00f5es sobre as p\u00e1ginas da web ou produtos que voc\u00ea visualiza, quais sites ou termos de pesquisa o direcionaram ao site e como voc\u00ea interage com o site. Referimo-nos a essas informa\u00e7\u00f5es coletadas automaticamente como &#8220;Informa\u00e7\u00f5es do Dispositivo&#8221;. Ademais, podemos coletar os dados pessoais que voc\u00ea nos fornece (incluindo, entre outros, nome, sobrenome, endere\u00e7o, informa\u00e7\u00f5es de pagamento, etc.) durante o cadastro para podermos cumprir o contrato.<\/p>\n\n\n\n<h2 class=\"wp-block-heading\">Por que processamos seus dados?<\/h2>\n\n\n\n<p>Nossa principal prioridade \u00e9 a seguran\u00e7a dos dados do cliente e, portanto, processamos apenas o m\u00ednimo de dados do usu\u00e1rio, estritamente o necess\u00e1rio para a manuten\u00e7\u00e3o do site. As informa\u00e7\u00f5es coletadas automaticamente s\u00e3o usadas apenas para identificar poss\u00edveis casos de abuso e gerar informa\u00e7\u00f5es estat\u00edsticas sobre o uso do site. Essas informa\u00e7\u00f5es estat\u00edsticas n\u00e3o s\u00e3o agregadas de forma a identificar qualquer usu\u00e1rio espec\u00edfico do sistema.<\/p>\n\n\n\n<p>Voc\u00ea pode visitar o site sem nos dizer quem voc\u00ea \u00e9 ou revelar qualquer informa\u00e7\u00e3o que permita a identifica\u00e7\u00e3o pessoal. No entanto, se desejar usar alguns dos recursos do site, receber nosso boletim informativo ou fornecer outras informa\u00e7\u00f5es preenchendo um formul\u00e1rio, voc\u00ea poder\u00e1 nos fornecer dados pessoais, como seu e-mail, nome, sobrenome, cidade de resid\u00eancia, organiza\u00e7\u00e3o e n\u00famero de telefone. Voc\u00ea pode optar por n\u00e3o nos fornecer seus dados pessoais, mas, nesse caso, poder\u00e1 n\u00e3o conseguir aproveitar alguns dos recursos do site. Por exemplo, voc\u00ea n\u00e3o poder\u00e1 receber nosso boletim informativo ou entrar em contato conosco diretamente pelo site. Usu\u00e1rios que tiverem d\u00favidas sobre quais informa\u00e7\u00f5es s\u00e3o obrigat\u00f3rias podem entrar em contato conosco pelo endere\u00e7o <strong>padoca06@gmail.com<\/strong>.<\/p>\n\n\n\n<h2 class=\"wp-block-heading\">Seus direitos<\/h2>\n\n\n\n<p>Se voc\u00ea reside na Europa, voc\u00ea tem os seguintes direitos relacionados aos seus dados pessoais:<\/p>\n\n\n\n<ul class=\"wp-block-list\">\n<li>Direito \u00e0 informa\u00e7\u00e3o.<\/li>\n<li>Direito de acesso.<\/li>\n<li>Direito \u00e0 retifica\u00e7\u00e3o.<\/li>\n<li>Direito ao apagamento.<\/li>\n<li>Direito \u00e0 restri\u00e7\u00e3o do processamento.<\/li>\n<li>Direito \u00e0 portabilidade dos dados.<\/li>\n<li>Direito de oposi\u00e7\u00e3o.<\/li>\n<li>Direitos relativos \u00e0 tomada de decis\u00f5es automatizadas e \u00e0 defini\u00e7\u00e3o de perfis.<\/li>\n<\/ul>\n\n\n\n<p>Caso deseje exercer algum desses direitos, entre em contato conosco atrav\u00e9s das informa\u00e7\u00f5es de contato abaixo.<\/p>\n\n\n\n<p>Al\u00e9m disso, se voc\u00ea reside na Europa, informamos que processamos suas informa\u00e7\u00f5es para cumprir os contratos que possamos ter com voc\u00ea (por exemplo, se voc\u00ea fizer um pedido pelo Site) ou, de outra forma, para atender aos nossos leg\u00edtimos interesses comerciais listados acima. Informamos tamb\u00e9m que suas informa\u00e7\u00f5es podem ser transferidas para fora da Europa, incluindo Canad\u00e1 e Estados Unidos.<\/p>\n\n\n\n<h2 class=\"wp-block-heading\">Links para outros sites<\/h2>\n\n\n\n<p>Nosso site pode conter links para outros sites que n\u00e3o s\u00e3o de nossa propriedade ou controlados por n\u00f3s. Observe que n\u00e3o somos respons\u00e1veis por esses outros sites ou pelas pr\u00e1ticas de privacidade de terceiros. Recomendamos que voc\u00ea esteja atento ao sair do nosso site e leia as declara\u00e7\u00f5es de privacidade de cada site que possa coletar informa\u00e7\u00f5es pessoais.<\/p>\n\n\n\n<h2 class=\"wp-block-heading\">Seguran\u00e7a da informa\u00e7\u00e3o<\/h2>\n\n\n\n<p>Protegemos as informa\u00e7\u00f5es que voc\u00ea fornece em servidores de computador em um ambiente controlado e seguro, protegido contra acesso, uso ou divulga\u00e7\u00e3o n\u00e3o autorizados. Mantemos medidas de seguran\u00e7a administrativas, t\u00e9cnicas e f\u00edsicas razo\u00e1veis para proteger contra acesso, uso, modifica\u00e7\u00e3o e divulga\u00e7\u00e3o de dados pessoais n\u00e3o autorizados sob nosso controle e cust\u00f3dia. No entanto, nenhuma transmiss\u00e3o de dados pela Internet ou rede sem fio pode ser garantida.<\/p>\n\n\n\n<h2 class=\"wp-block-heading\">Divulga\u00e7\u00e3o legal<\/h2>\n\n\n\n<p>Divulgaremos qualquer informa\u00e7\u00e3o que coletarmos, usarmos ou recebermos se exigido ou permitido por lei, como para cumprir uma intima\u00e7\u00e3o ou processo legal semelhante, e quando acreditarmos de boa-f\u00e9 que a divulga\u00e7\u00e3o \u00e9 necess\u00e1ria para proteger nossos direitos, proteger sua seguran\u00e7a ou a seguran\u00e7a de terceiros, investigar fraudes ou responder a uma solicita\u00e7\u00e3o governamental.<\/p>\n\n\n\n<h2 class=\"wp-block-heading\">Informa\u00e7\u00f5es de contato<\/h2>\n\n\n\n<p>Caso deseje entrar em contato conosco para obter mais informa\u00e7\u00f5es sobre esta Pol\u00edtica ou para tratar de qualquer assunto relacionado aos seus direitos individuais e \u00e0s suas Informa\u00e7\u00f5es Pessoais, envie um e-mail para <strong>padoca06@gmail.com<\/strong>.<\/p>\n","protected":false},"excerpt":{"rendered":"<p>Pol\u00edtica de Privacidade O site da Cerenna pertence \u00e0 Padoka Confec\u00e7\u00f5es, que \u00e9 a controladora dos seus dados pessoais. Adotamos esta Pol\u00edtica de Privacidade, que define como processamos as informa\u00e7\u00f5es coletadas pela Cerenna e explica os motivos pelos quais precisamos coletar determinados dados pessoais seus. Portanto, voc\u00ea deve ler esta Pol\u00edtica de Privacidade antes de [&hellip;]<\/p>\n","protected":false},"author":1,"featured_media":0,"parent":0,"menu_order":0,"comment_status":"closed","ping_status":"closed","template":"","meta":{"footnotes":""},"class_list":["post-20","page","type-page","status-publish","hentry"],"_links":{"self":[{"href":"https:\/\/www.cerennaoficial.com.br\/index.php?rest_route=\/wp\/v2\/pages\/20","targetHints":{"allow":["GET"]}}],"collection":[{"href":"https:\/\/www.cerennaoficial.com.br\/index.php?rest_route=\/wp\/v2\/pages"}],"about":[{"href":"https:\/\/www.cerennaoficial.com.br\/index.php?rest_route=\/wp\/v2\/types\/page"}],"author":[{"embeddable":true,"href":"https:\/\/www.cerennaoficial.com.br\/index.php?rest_route=\/wp\/v2\/users\/1"}],"replies":[{"embeddable":true,"href":"https:\/\/www.cerennaoficial.com.br\/index.php?rest_route=%2Fwp%2Fv2%2Fcomments&post=20"}],"version-history":[{"count":1,"href":"https:\/\/www.cerennaoficial.com.br\/index.php?rest_route=\/wp\/v2\/pages\/20\/revisions"}],"predecessor-version":[{"id":21,"href":"https:\/\/www.cerennaoficial.com.br\/index.php?rest_route=\/wp\/v2\/pages\/20\/revisions\/21"}],"wp:attachment":[{"href":"https:\/\/www.cerennaoficial.com.br\/index.php?rest_route=%2Fwp%2Fv2%2Fmedia&parent=20"}],"curies":[{"name":"wp","href":"https:\/\/api.w.org\/{rel}","templated":true}]}}